{"id":867,"date":"2025-01-25T09:58:06","date_gmt":"2025-01-25T09:58:06","guid":{"rendered":"http:\/\/vapo.gsln.ro\/?page_id=867"},"modified":"2025-11-20T06:47:47","modified_gmt":"2025-11-20T06:47:47","slug":"wer-wir-sind","status":"publish","type":"page","link":"https:\/\/vapogroup.eu\/index.php\/de\/wer-wir-sind\/","title":{"rendered":"Wer wir sind"},"content":{"rendered":"<div id=\"pl-867\"  class=\"panel-layout\" ><div id=\"pg-867-0\"  class=\"panel-grid panel-no-style\" ><div id=\"pgc-867-0-0\"  class=\"panel-grid-cell\" ><div id=\"panel-867-0-0-0\" class=\"so-panel widget widget_black-studio-tinymce widget_black_studio_tinymce panel-first-child panel-last-child\" data-index=\"0\" ><div class=\"textwidget\"><p><span style=\"font-weight: 400;\">Wir von Vapo Group\u00a0 sind stolz darauf, als einer der zuverl\u00e4ssigsten und erschwinglichsten Anbieter von Logistik- und Lagerdienstleistungen im Land angesehen zu werden. Als Drittanbieter von Logistikdienstleistungen zeichnen wir uns in einer Vielzahl von Logistikdiensten aus, darunter Transportdienstleistungen, Lagerhaltungsdienste, Logistikdienstleistungen und eine Reihe weiterer Nebenleistungen. Wir verf\u00fcgen \u00fcber jahrelange Erfahrung in den Bereichen Logistik, Lagerhaltung, Distribution, Transport und Supply Chain Management und haben uns zum Ziel gesetzt, unseren Kunden durch unsere erstklassigen Logistikdienstleistungen Komfort, Zuverl\u00e4ssigkeit und Erschwinglichkeit zu bieten.<\/span><\/p>\n<p><span style=\"font-weight: 400;\">Unser Team von Experten auf allen Ebenen unserer Dienstleistungen verf\u00fcgt \u00fcber jahrelange Erfahrung, die das Vertrauen in unsere qualifizierte Belegschaft st\u00e4rkt. Dies hilft uns, die Reaktionszeiten zu verk\u00fcrzen und stets p\u00fcnktliche Lieferungen sowie Dienstleistungen anzubieten, sei es im Bereich des Transportwesens oder der Lagerhaltung. Unser Ziel ist es, durch unsere Dienstleistungen einen positiven Unterschied in Ihrem Gesch\u00e4ft zu bewirken und langfristige Beziehungen mit Ihnen aufzubauen. Unser Engagement f\u00fcr unsere Kunden zeigt sich in dem gro\u00dfen Wert, den wir auf Teamarbeit, Kundenservice und kontinuierliche technologische Verbesserungen in unseren Logistikprozessen und Ausr\u00fcstungen legen.<\/span><\/p>\n<p><span style=\"font-weight: 400;\">Unsere Erfahrung in allen Bereichen, in denen wir t\u00e4tig sind, sowie das breite Spektrum an Dienstleistungen, die wir anbieten, machen uns zu einem der umfassendsten Anbieter von Logistikdienstleistungen im Land. Mit der kontinuierlichen Unterst\u00fctzung und dem Vertrauen unserer Kunden haben wir das Ziel, an der Spitze zu bleiben \u2013 und das mit Bescheidenheit. Unsere hochentwickelten Systeme, sorgf\u00e4ltig gestalteten Logistikprozesse, modernste Logistikwerkzeuge und -ausr\u00fcstungen, die fortschrittlichsten Transportmittel, ma\u00dfgeschneiderte Dienstleistungen und unser Engagement, die Kosten f\u00fcr Endverbraucher niedrig zu halten, erm\u00f6glichen es uns, Logistikl\u00f6sungen anzubieten, die bestens mit den Anforderungen unserer Kunden \u00fcbereinstimmen. Wir hei\u00dfen Sie herzlich auf unserer Seite willkommen und laden Sie ein, sich mit unseren Logistikexperten bez\u00fcglich Ihrer Logistikbed\u00fcrfnisse zu beraten \u2013 Sie k\u00f6nnen sich darauf verlassen, dass alles erledigt wird.<\/span><\/p>\n<p><span style=\"font-weight: 400;\">Wir verf\u00fcgen \u00fcber jahrelange Erfahrung in der Logistikbranche, Lagerhaltung, Distribution, Transport und Supply Chain Management und haben uns zum Ziel gesetzt, unseren Kunden durch unsere erstklassigen Logistikdienstleistungen Komfort, Zuverl\u00e4ssigkeit und Erschwinglichkeit zu bieten.<\/span><\/p>\n<\/div><\/div><\/div><div id=\"pgc-867-0-1\"  class=\"panel-grid-cell\" ><div id=\"panel-867-0-1-0\" class=\"so-panel widget widget_black-studio-tinymce widget_black_studio_tinymce panel-first-child panel-last-child\" data-index=\"1\" ><div class=\"textwidget\"><p><a href=\"https:\/\/xml-io.proteusthemes.com\/cargopress\/wp-content\/uploads\/sites\/24\/2015\/04\/5.jpg\"><img loading=\"lazy\" decoding=\"async\" class=\"alignnone size-full wp-image-35\" src=\"https:\/\/xml-io.proteusthemes.com\/cargopress\/wp-content\/uploads\/sites\/24\/2015\/04\/5.jpg\" alt=\"5\" width=\"848\" height=\"480\" \/><\/a><\/p>\n<p><a href=\"https:\/\/xml-io.proteusthemes.com\/cargopress\/wp-content\/uploads\/sites\/24\/2015\/04\/34.jpg\"><img loading=\"lazy\" decoding=\"async\" class=\"alignnone size-full wp-image-64\" src=\"https:\/\/xml-io.proteusthemes.com\/cargopress\/wp-content\/uploads\/sites\/24\/2015\/04\/34.jpg\" alt=\"34\" width=\"848\" height=\"480\" \/><\/a><\/p>\n<\/div><\/div><\/div><\/div><\/div>","protected":false},"excerpt":{"rendered":"<p>Wir von Vapo Group\u00a0 sind stolz darauf, als einer der zuverl\u00e4ssigsten und erschwinglichsten Anbieter von Logistik- und Lagerdienstleistungen im Land angesehen zu werden. Als Drittanbieter von Logistikdienstleistungen zeichnen wir uns in einer Vielzahl von Logistikdiensten aus, darunter Transportdienstleistungen, Lagerhaltungsdienste, Logistikdienstleistungen und eine Reihe weiterer Nebenleistungen. Wir verf\u00fcgen \u00fcber jahrelange Erfahrung in den Bereichen Logistik, Lagerhaltung, &hellip;<\/p>\n","protected":false},"author":1,"featured_media":0,"parent":0,"menu_order":0,"comment_status":"closed","ping_status":"open","template":"","meta":{"_acf_changed":false,"footnotes":""},"class_list":["post-867","page","type-page","status-publish","hentry"],"acf":[],"_links":{"self":[{"href":"https:\/\/vapogroup.eu\/index.php\/wp-json\/wp\/v2\/pages\/867","targetHints":{"allow":["GET"]}}],"collection":[{"href":"https:\/\/vapogroup.eu\/index.php\/wp-json\/wp\/v2\/pages"}],"about":[{"href":"https:\/\/vapogroup.eu\/index.php\/wp-json\/wp\/v2\/types\/page"}],"author":[{"embeddable":true,"href":"https:\/\/vapogroup.eu\/index.php\/wp-json\/wp\/v2\/users\/1"}],"replies":[{"embeddable":true,"href":"https:\/\/vapogroup.eu\/index.php\/wp-json\/wp\/v2\/comments?post=867"}],"version-history":[{"count":7,"href":"https:\/\/vapogroup.eu\/index.php\/wp-json\/wp\/v2\/pages\/867\/revisions"}],"predecessor-version":[{"id":1191,"href":"https:\/\/vapogroup.eu\/index.php\/wp-json\/wp\/v2\/pages\/867\/revisions\/1191"}],"wp:attachment":[{"href":"https:\/\/vapogroup.eu\/index.php\/wp-json\/wp\/v2\/media?parent=867"}],"curies":[{"name":"wp","href":"https:\/\/api.w.org\/{rel}","templated":true}]}}