{"id":837,"date":"2025-01-25T09:19:21","date_gmt":"2025-01-25T09:19:21","guid":{"rendered":"http:\/\/vapo.gsln.ro\/?page_id=837"},"modified":"2025-11-17T17:08:00","modified_gmt":"2025-11-17T17:08:00","slug":"logistica","status":"publish","type":"page","link":"https:\/\/vapogroup.eu\/index.php\/ro\/servicii\/logistica\/","title":{"rendered":"Logistic\u0103"},"content":{"rendered":"<div id=\"pl-837\"  class=\"panel-layout\" ><div id=\"pg-837-0\"  class=\"panel-grid panel-no-style\" ><div id=\"pgc-837-0-0\"  class=\"panel-grid-cell\" ><div id=\"panel-837-0-0-0\" class=\"so-panel widget widget_black-studio-tinymce widget_black_studio_tinymce panel-first-child panel-last-child\" data-index=\"0\" ><div class=\"textwidget\"><p><span style=\"font-weight: 400;\">Ne m\u00e2ndrim cu faptul c\u0103 oferim servicii de depozitare complete, fiabile \u0219i flexibile unui spectru larg de clien\u021bi din \u00eentreaga \u021bar\u0103 \u2014 calit\u0103\u021bi esen\u021biale pentru sus\u021binerea afacerilor \u00eentr-o pia\u021b\u0103 competitiv\u0103. Exper\u021bii no\u0219tri cu experien\u021b\u0103 proiecteaz\u0103 un flux logistic personalizat pentru nevoile fiec\u0103rei afaceri, axat nu doar pe eficien\u021b\u0103, ci \u0219i pe reducerea costurilor.<\/span><\/p>\n<p><span style=\"font-weight: 400;\">Cu o re\u021bea extins\u0103 de depozite \u0219i centre de distribu\u021bie \u00een \u00eentreaga \u021bar\u0103, putem deservi rapid clien\u021bii din orice regiune \u2014 un avantaj competitiv major \u00eentr-o pia\u021b\u0103 unde timpul de reac\u021bie este esen\u021bial pentru satisfac\u021bia clientului.<\/span><\/p>\n<p><span style=\"font-weight: 400;\">Echipa noastr\u0103 de speciali\u0219ti \u00een logistic\u0103 este mereu disponibil\u0103 pentru a r\u0103spunde \u00eentreb\u0103rilor dumneavoastr\u0103 sau pentru a discuta detaliat cerin\u021bele logistice ale afacerii. Analiz\u0103m solicit\u0103rile primite \u0219i oferim solu\u021bii personalizate care nu doar respect\u0103 bugetul clientului, ci \u0219i genereaz\u0103 economii pe termen lung.<\/span><\/p>\n<p><span style=\"font-weight: 400;\">De-a lungul anilor, compania noastr\u0103 a dezvoltat o re\u021bea puternic\u0103 de parteneri \u0219i centre logistice proprii, r\u0103sp\u00e2ndite \u00een toat\u0103 \u021bara, ceea ce ne permite s\u0103 oferim solu\u021bii logistice sigure, fiabile, accesibile \u0219i adaptate fiec\u0103rui partener.<\/span><\/p>\n<\/div><\/div><\/div><div id=\"pgc-837-0-1\"  class=\"panel-grid-cell\" ><div id=\"panel-837-0-1-0\" class=\"so-panel widget widget_black-studio-tinymce widget_black_studio_tinymce panel-first-child panel-last-child\" data-index=\"1\" ><div class=\"textwidget\"><p><a href=\"https:\/\/xml-io.proteusthemes.com\/cargopress\/wp-content\/uploads\/sites\/24\/2015\/04\/34.jpg\"><img loading=\"lazy\" decoding=\"async\" class=\"alignnone size-full wp-image-64\" src=\"https:\/\/xml-io.proteusthemes.com\/cargopress\/wp-content\/uploads\/sites\/24\/2015\/04\/34.jpg\" alt=\"34\" width=\"848\" height=\"480\" \/><\/a><\/p>\n<p><a href=\"https:\/\/xml-io.proteusthemes.com\/cargopress\/wp-content\/uploads\/sites\/24\/2015\/04\/30.jpg\"><img loading=\"lazy\" decoding=\"async\" class=\"alignnone size-full wp-image-60\" src=\"https:\/\/xml-io.proteusthemes.com\/cargopress\/wp-content\/uploads\/sites\/24\/2015\/04\/30.jpg\" alt=\"30\" width=\"848\" height=\"480\" \/><\/a><\/p>\n<\/div><\/div><\/div><\/div><\/div>","protected":false},"excerpt":{"rendered":"<p>Ne m\u00e2ndrim cu faptul c\u0103 oferim servicii de depozitare complete, fiabile \u0219i flexibile unui spectru larg de clien\u021bi din \u00eentreaga \u021bar\u0103 \u2014 calit\u0103\u021bi esen\u021biale pentru sus\u021binerea afacerilor \u00eentr-o pia\u021b\u0103 competitiv\u0103. Exper\u021bii no\u0219tri cu experien\u021b\u0103 proiecteaz\u0103 un flux logistic personalizat pentru nevoile fiec\u0103rei afaceri, axat nu doar pe eficien\u021b\u0103, ci \u0219i pe reducerea costurilor. Cu o &hellip;<\/p>\n","protected":false},"author":1,"featured_media":60,"parent":794,"menu_order":0,"comment_status":"closed","ping_status":"open","template":"","meta":{"_acf_changed":false,"footnotes":""},"class_list":["post-837","page","type-page","status-publish","has-post-thumbnail","hentry"],"acf":[],"_links":{"self":[{"href":"https:\/\/vapogroup.eu\/index.php\/wp-json\/wp\/v2\/pages\/837","targetHints":{"allow":["GET"]}}],"collection":[{"href":"https:\/\/vapogroup.eu\/index.php\/wp-json\/wp\/v2\/pages"}],"about":[{"href":"https:\/\/vapogroup.eu\/index.php\/wp-json\/wp\/v2\/types\/page"}],"author":[{"embeddable":true,"href":"https:\/\/vapogroup.eu\/index.php\/wp-json\/wp\/v2\/users\/1"}],"replies":[{"embeddable":true,"href":"https:\/\/vapogroup.eu\/index.php\/wp-json\/wp\/v2\/comments?post=837"}],"version-history":[{"count":2,"href":"https:\/\/vapogroup.eu\/index.php\/wp-json\/wp\/v2\/pages\/837\/revisions"}],"predecessor-version":[{"id":1090,"href":"https:\/\/vapogroup.eu\/index.php\/wp-json\/wp\/v2\/pages\/837\/revisions\/1090"}],"up":[{"embeddable":true,"href":"https:\/\/vapogroup.eu\/index.php\/wp-json\/wp\/v2\/pages\/794"}],"wp:featuredmedia":[{"embeddable":true,"href":"https:\/\/vapogroup.eu\/index.php\/wp-json\/wp\/v2\/media\/60"}],"wp:attachment":[{"href":"https:\/\/vapogroup.eu\/index.php\/wp-json\/wp\/v2\/media?parent=837"}],"curies":[{"name":"wp","href":"https:\/\/api.w.org\/{rel}","templated":true}]}}