{"id":830,"date":"2025-01-25T09:12:18","date_gmt":"2025-01-25T09:12:18","guid":{"rendered":"http:\/\/vapo.gsln.ro\/?page_id=830"},"modified":"2025-11-17T16:50:56","modified_gmt":"2025-11-17T16:50:56","slug":"lagerung","status":"publish","type":"page","link":"https:\/\/vapogroup.eu\/index.php\/de\/angebote\/lagerung\/","title":{"rendered":"Lagerung"},"content":{"rendered":"<div id=\"pl-830\"  class=\"panel-layout\" ><div id=\"pg-830-0\"  class=\"panel-grid panel-no-style\" ><div id=\"pgc-830-0-0\"  class=\"panel-grid-cell\" ><div id=\"panel-830-0-0-0\" class=\"so-panel widget widget_black-studio-tinymce widget_black_studio_tinymce panel-first-child panel-last-child\" data-index=\"0\" ><div class=\"textwidget\"><p><span style=\"font-weight: 400;\">Wir sind stolz darauf, ein breites Kundenspektrum im ganzen Land mit unseren umfassenden, zuverl\u00e4ssigen und flexiblen Lagerl\u00f6sungen zu bedienen \u2013 Eigenschaften, die f\u00fcr Unternehmen in diesem Markt von entscheidender Bedeutung sind. Unsere erfahrenen Logistikexperten entwickeln ma\u00dfgeschneiderte Supply-Chain-Konzepte, die nicht nur die Effizienz steigern, sondern auch die Kosten senken.<\/span><\/p>\n<p><span style=\"font-weight: 400;\">Dank unseres weitreichenden Netzwerks von Lager- und Distributionszentren im gesamten Land k\u00f6nnen wir Kunden in k\u00fcrzester Zeit bedienen \u2013 ein entscheidender Faktor, um Kundenzufriedenheit zu gew\u00e4hrleisten und sich von Mitbewerbern abzuheben.<\/span><\/p>\n<p><span style=\"font-weight: 400;\">Unser Team aus Logistikexperten steht Ihnen jederzeit zur Verf\u00fcgung \u2013 sei es f\u00fcr allgemeine Fragen oder eine ausf\u00fchrliche Beratung Ihrer logistischen Anforderungen. Wir analysieren Ihre Bed\u00fcrfnisse und unterbreiten Ihnen ein Angebot, das nicht nur in Ihr Budget passt, sondern auch langfristige Einsparungen erm\u00f6glicht.<\/span><\/p>\n<p><span style=\"font-weight: 400;\">Durch jahrelange Erfahrung haben wir ein stabiles Netzwerk an Partnern und eigene Logistikzentren im ganzen Land aufgebaut. So k\u00f6nnen wir sichere, zuverl\u00e4ssige, wirtschaftliche und ma\u00dfgeschneiderte Logistikl\u00f6sungen f\u00fcr unsere Kunden und Partner bereitstellen.<\/span><\/p>\n<\/div><\/div><\/div><div id=\"pgc-830-0-1\"  class=\"panel-grid-cell\" ><div id=\"panel-830-0-1-0\" class=\"so-panel widget widget_black-studio-tinymce widget_black_studio_tinymce panel-first-child panel-last-child\" data-index=\"1\" ><div class=\"textwidget\"><p><a href=\"https:\/\/xml-io.proteusthemes.com\/cargopress\/wp-content\/uploads\/sites\/24\/2015\/04\/4.jpg\"><img loading=\"lazy\" decoding=\"async\" class=\"alignnone size-full wp-image-34\" src=\"https:\/\/xml-io.proteusthemes.com\/cargopress\/wp-content\/uploads\/sites\/24\/2015\/04\/4.jpg\" alt=\"4\" width=\"848\" height=\"480\" \/><\/a><\/p>\n<p><a href=\"https:\/\/xml-io.proteusthemes.com\/cargopress\/wp-content\/uploads\/sites\/24\/2015\/04\/1.jpg\"><img loading=\"lazy\" decoding=\"async\" class=\"alignnone size-full wp-image-31\" src=\"https:\/\/xml-io.proteusthemes.com\/cargopress\/wp-content\/uploads\/sites\/24\/2015\/04\/1.jpg\" alt=\"1\" width=\"848\" height=\"480\" \/><\/a><\/p>\n<\/div><\/div><\/div><\/div><\/div>","protected":false},"excerpt":{"rendered":"<p>Wir sind stolz darauf, ein breites Kundenspektrum im ganzen Land mit unseren umfassenden, zuverl\u00e4ssigen und flexiblen Lagerl\u00f6sungen zu bedienen \u2013 Eigenschaften, die f\u00fcr Unternehmen in diesem Markt von entscheidender Bedeutung sind. Unsere erfahrenen Logistikexperten entwickeln ma\u00dfgeschneiderte Supply-Chain-Konzepte, die nicht nur die Effizienz steigern, sondern auch die Kosten senken. Dank unseres weitreichenden Netzwerks von Lager- und &hellip;<\/p>\n","protected":false},"author":1,"featured_media":34,"parent":772,"menu_order":0,"comment_status":"closed","ping_status":"open","template":"","meta":{"_acf_changed":false,"footnotes":""},"class_list":["post-830","page","type-page","status-publish","has-post-thumbnail","hentry"],"acf":[],"_links":{"self":[{"href":"https:\/\/vapogroup.eu\/index.php\/wp-json\/wp\/v2\/pages\/830","targetHints":{"allow":["GET"]}}],"collection":[{"href":"https:\/\/vapogroup.eu\/index.php\/wp-json\/wp\/v2\/pages"}],"about":[{"href":"https:\/\/vapogroup.eu\/index.php\/wp-json\/wp\/v2\/types\/page"}],"author":[{"embeddable":true,"href":"https:\/\/vapogroup.eu\/index.php\/wp-json\/wp\/v2\/users\/1"}],"replies":[{"embeddable":true,"href":"https:\/\/vapogroup.eu\/index.php\/wp-json\/wp\/v2\/comments?post=830"}],"version-history":[{"count":2,"href":"https:\/\/vapogroup.eu\/index.php\/wp-json\/wp\/v2\/pages\/830\/revisions"}],"predecessor-version":[{"id":1091,"href":"https:\/\/vapogroup.eu\/index.php\/wp-json\/wp\/v2\/pages\/830\/revisions\/1091"}],"up":[{"embeddable":true,"href":"https:\/\/vapogroup.eu\/index.php\/wp-json\/wp\/v2\/pages\/772"}],"wp:featuredmedia":[{"embeddable":true,"href":"https:\/\/vapogroup.eu\/index.php\/wp-json\/wp\/v2\/media\/34"}],"wp:attachment":[{"href":"https:\/\/vapogroup.eu\/index.php\/wp-json\/wp\/v2\/media?parent=830"}],"curies":[{"name":"wp","href":"https:\/\/api.w.org\/{rel}","templated":true}]}}