{"id":828,"date":"2025-01-25T09:09:14","date_gmt":"2025-01-25T09:09:14","guid":{"rendered":"http:\/\/vapo.gsln.ro\/?page_id=828"},"modified":"2025-11-17T17:04:34","modified_gmt":"2025-11-17T17:04:34","slug":"atelier-camioane","status":"publish","type":"page","link":"https:\/\/vapogroup.eu\/index.php\/ro\/servicii\/atelier-camioane\/","title":{"rendered":"Atelier camioane"},"content":{"rendered":"<div id=\"pl-828\"  class=\"panel-layout\" ><div id=\"pg-828-0\"  class=\"panel-grid panel-no-style\" ><div id=\"pgc-828-0-0\"  class=\"panel-grid-cell\" ><div id=\"panel-828-0-0-0\" class=\"so-panel widget widget_black-studio-tinymce widget_black_studio_tinymce panel-first-child panel-last-child\" data-index=\"0\" ><div class=\"textwidget\"><p><span style=\"font-weight: 400;\">Serviciile noastre de transport se bazeaz\u0103 pe principiul oferirii flexibilit\u0103\u021bii \u0219i fiabilit\u0103\u021bii de care clien\u021bii no\u0219tri au nevoie pentru a transporta marf\u0103 , fie local, fie na\u021bional, sau internationat\u00a0 oric\u00e2nd doresc. Echipa noastr\u0103 intern\u0103 de \u0219oferi cu experien\u021b\u0103 \u0219i exper\u021bi logistici se asigur\u0103 c\u0103 fiecare livrare este tratat\u0103 cu maxim\u0103 aten\u021bie. Credem \u00een furnizarea de servicii de calitate.<\/span><\/p>\n<p><span style=\"font-weight: 400;\">De la \u00eenc\u0103rcare p\u00e2n\u0103 la desc\u0103rcare, respect\u0103m cele mai \u00eenalte standarde de siguran\u021b\u0103 \u00een timpul transportului. Chiar \u0219i \u00een cazul transporturilor agabaritice sau cu dimensiuni speciale, speciali\u0219tii no\u0219tri logistici se ocup\u0103 de toate detaliile pentru a asigura livrarea \u00een siguran\u021b\u0103 \u0219i la timp, de fiecare dat\u0103.<\/span><\/p>\n<p><span style=\"font-weight: 400;\">Ne asigur\u0103m c\u0103 flota noastr\u0103 este mereu bine \u00eentre\u021binut\u0103, modernizat\u0103 \u0219i capabil\u0103 s\u0103 transporte m\u0103rfuri de valoare mare sau voluminoase, eficient \u0219i f\u0103r\u0103 pierderi. Echipa noastr\u0103 proprie de \u0219oferi, tehnicieni \u0219i personal de mentenan\u021b\u0103 este disponibil\u0103 24\/7, astfel \u00eenc\u00e2t camioanele s\u0103 fie preg\u0103tite la timp \u0219i \u00een stare optim\u0103 pentru livr\u0103rile dumneavoastr\u0103.<\/span><\/p>\n<\/div><\/div><\/div><div id=\"pgc-828-0-1\"  class=\"panel-grid-cell\" ><div id=\"panel-828-0-1-0\" class=\"so-panel widget widget_black-studio-tinymce widget_black_studio_tinymce panel-first-child panel-last-child\" data-index=\"1\" ><div class=\"textwidget\"><p><a href=\"https:\/\/xml-io.proteusthemes.com\/cargopress\/wp-content\/uploads\/sites\/24\/2015\/04\/8.jpg\"><img loading=\"lazy\" decoding=\"async\" class=\"alignnone size-full wp-image-38\" src=\"https:\/\/xml-io.proteusthemes.com\/cargopress\/wp-content\/uploads\/sites\/24\/2015\/04\/8.jpg\" alt=\"8\" width=\"848\" height=\"480\" \/><\/a><\/p>\n<p><a href=\"https:\/\/xml-io.proteusthemes.com\/cargopress\/wp-content\/uploads\/sites\/24\/2015\/04\/17.jpg\"><img loading=\"lazy\" decoding=\"async\" class=\"alignnone size-full wp-image-47\" src=\"https:\/\/xml-io.proteusthemes.com\/cargopress\/wp-content\/uploads\/sites\/24\/2015\/04\/17.jpg\" alt=\"17\" width=\"848\" height=\"480\" \/><\/a><\/p>\n<\/div><\/div><\/div><\/div><\/div>","protected":false},"excerpt":{"rendered":"<p>Serviciile noastre de transport se bazeaz\u0103 pe principiul oferirii flexibilit\u0103\u021bii \u0219i fiabilit\u0103\u021bii de care clien\u021bii no\u0219tri au nevoie pentru a transporta marf\u0103 , fie local, fie na\u021bional, sau internationat\u00a0 oric\u00e2nd doresc. Echipa noastr\u0103 intern\u0103 de \u0219oferi cu experien\u021b\u0103 \u0219i exper\u021bi logistici se asigur\u0103 c\u0103 fiecare livrare este tratat\u0103 cu maxim\u0103 aten\u021bie. Credem \u00een furnizarea de &hellip;<\/p>\n","protected":false},"author":1,"featured_media":72,"parent":794,"menu_order":0,"comment_status":"closed","ping_status":"open","template":"","meta":{"_acf_changed":false,"footnotes":""},"class_list":["post-828","page","type-page","status-publish","has-post-thumbnail","hentry"],"acf":[],"_links":{"self":[{"href":"https:\/\/vapogroup.eu\/index.php\/wp-json\/wp\/v2\/pages\/828","targetHints":{"allow":["GET"]}}],"collection":[{"href":"https:\/\/vapogroup.eu\/index.php\/wp-json\/wp\/v2\/pages"}],"about":[{"href":"https:\/\/vapogroup.eu\/index.php\/wp-json\/wp\/v2\/types\/page"}],"author":[{"embeddable":true,"href":"https:\/\/vapogroup.eu\/index.php\/wp-json\/wp\/v2\/users\/1"}],"replies":[{"embeddable":true,"href":"https:\/\/vapogroup.eu\/index.php\/wp-json\/wp\/v2\/comments?post=828"}],"version-history":[{"count":2,"href":"https:\/\/vapogroup.eu\/index.php\/wp-json\/wp\/v2\/pages\/828\/revisions"}],"predecessor-version":[{"id":1087,"href":"https:\/\/vapogroup.eu\/index.php\/wp-json\/wp\/v2\/pages\/828\/revisions\/1087"}],"up":[{"embeddable":true,"href":"https:\/\/vapogroup.eu\/index.php\/wp-json\/wp\/v2\/pages\/794"}],"wp:featuredmedia":[{"embeddable":true,"href":"https:\/\/vapogroup.eu\/index.php\/wp-json\/wp\/v2\/media\/72"}],"wp:attachment":[{"href":"https:\/\/vapogroup.eu\/index.php\/wp-json\/wp\/v2\/media?parent=828"}],"curies":[{"name":"wp","href":"https:\/\/api.w.org\/{rel}","templated":true}]}}