{"id":825,"date":"2025-01-25T09:08:04","date_gmt":"2025-01-25T09:08:04","guid":{"rendered":"http:\/\/vapo.gsln.ro\/?page_id=825"},"modified":"2025-11-17T16:46:17","modified_gmt":"2025-11-17T16:46:17","slug":"lkw-transportdienst","status":"publish","type":"page","link":"https:\/\/vapogroup.eu\/index.php\/de\/angebote\/lkw-transportdienst\/","title":{"rendered":"LKW-Transportdienst"},"content":{"rendered":"<div id=\"pl-825\"  class=\"panel-layout\" ><div id=\"pg-825-0\"  class=\"panel-grid panel-no-style\" ><div id=\"pgc-825-0-0\"  class=\"panel-grid-cell\" ><div id=\"panel-825-0-0-0\" class=\"so-panel widget widget_black-studio-tinymce widget_black_studio_tinymce panel-first-child panel-last-child\" data-index=\"0\" ><div class=\"textwidget\"><p><span style=\"font-weight: 400;\">Unsere Transportdienstleistungen basieren auf dem Prinzip, unseren Kunden die Flexibilit\u00e4t und Zuverl\u00e4ssigkeit zu bieten, die sie ben\u00f6tigen, um ihre Waren \u2013 lokal, national oder international \u2013 jederzeit zu transportieren. Unser internes Team aus erfahrenen Fahrern und Logistikexperten sorgt daf\u00fcr, dass jede Lieferung mit gr\u00f6\u00dfter Sorgfalt behandelt wird. Wir legen gro\u00dfen Wert auf die Bereitstellung hochwertiger Dienstleistungen.<\/span><\/p>\n<p><span style=\"font-weight: 400;\">Vom Beladen bis zum Entladen halten wir w\u00e4hrend des gesamten Transports h\u00f6chste Sicherheitsstandards ein. Selbst bei \u00fcbergro\u00dfen oder spezialdimensionierten Sendungen k\u00fcmmern sich unsere Logistikexperten um jedes Detail, um eine sichere und p\u00fcnktliche Lieferung zu gew\u00e4hrleisten \u2013 jedes Mal.<\/span><\/p>\n<p><span style=\"font-weight: 400;\">Wir stellen sicher, dass unsere Flotte stets gut gewartet, modernisiert und in der Lage ist, hochwertige oder gro\u00dfvolumige G\u00fcter effizient und verlustfrei zu transportieren. Unser eigenes Team aus Fahrern, Technikern und Wartungspersonal steht rund um die Uhr zur Verf\u00fcgung, um sicherzustellen, dass die Lkw rechtzeitig und in optimalem Zustand f\u00fcr Ihre Lieferungen bereitstehen.<\/span><\/p>\n<\/div><\/div><\/div><div id=\"pgc-825-0-1\"  class=\"panel-grid-cell\" ><div id=\"panel-825-0-1-0\" class=\"so-panel widget widget_black-studio-tinymce widget_black_studio_tinymce panel-first-child panel-last-child\" data-index=\"1\" ><div class=\"textwidget\"><p><a href=\"https:\/\/xml-io.proteusthemes.com\/cargopress\/wp-content\/uploads\/sites\/24\/2015\/04\/8.jpg\"><img loading=\"lazy\" decoding=\"async\" class=\"alignnone size-full wp-image-38\" src=\"https:\/\/xml-io.proteusthemes.com\/cargopress\/wp-content\/uploads\/sites\/24\/2015\/04\/8.jpg\" alt=\"8\" width=\"848\" height=\"480\" \/><\/a><\/p>\n<p><a href=\"https:\/\/xml-io.proteusthemes.com\/cargopress\/wp-content\/uploads\/sites\/24\/2015\/04\/17.jpg\"><img loading=\"lazy\" decoding=\"async\" class=\"alignnone size-full wp-image-47\" src=\"https:\/\/xml-io.proteusthemes.com\/cargopress\/wp-content\/uploads\/sites\/24\/2015\/04\/17.jpg\" alt=\"17\" width=\"848\" height=\"480\" \/><\/a><\/p>\n<\/div><\/div><\/div><\/div><\/div>","protected":false},"excerpt":{"rendered":"<p>Unsere Transportdienstleistungen basieren auf dem Prinzip, unseren Kunden die Flexibilit\u00e4t und Zuverl\u00e4ssigkeit zu bieten, die sie ben\u00f6tigen, um ihre Waren \u2013 lokal, national oder international \u2013 jederzeit zu transportieren. Unser internes Team aus erfahrenen Fahrern und Logistikexperten sorgt daf\u00fcr, dass jede Lieferung mit gr\u00f6\u00dfter Sorgfalt behandelt wird. Wir legen gro\u00dfen Wert auf die Bereitstellung hochwertiger &hellip;<\/p>\n","protected":false},"author":1,"featured_media":72,"parent":772,"menu_order":0,"comment_status":"closed","ping_status":"open","template":"","meta":{"_acf_changed":false,"footnotes":""},"class_list":["post-825","page","type-page","status-publish","has-post-thumbnail","hentry"],"acf":[],"_links":{"self":[{"href":"https:\/\/vapogroup.eu\/index.php\/wp-json\/wp\/v2\/pages\/825","targetHints":{"allow":["GET"]}}],"collection":[{"href":"https:\/\/vapogroup.eu\/index.php\/wp-json\/wp\/v2\/pages"}],"about":[{"href":"https:\/\/vapogroup.eu\/index.php\/wp-json\/wp\/v2\/types\/page"}],"author":[{"embeddable":true,"href":"https:\/\/vapogroup.eu\/index.php\/wp-json\/wp\/v2\/users\/1"}],"replies":[{"embeddable":true,"href":"https:\/\/vapogroup.eu\/index.php\/wp-json\/wp\/v2\/comments?post=825"}],"version-history":[{"count":2,"href":"https:\/\/vapogroup.eu\/index.php\/wp-json\/wp\/v2\/pages\/825\/revisions"}],"predecessor-version":[{"id":1089,"href":"https:\/\/vapogroup.eu\/index.php\/wp-json\/wp\/v2\/pages\/825\/revisions\/1089"}],"up":[{"embeddable":true,"href":"https:\/\/vapogroup.eu\/index.php\/wp-json\/wp\/v2\/pages\/772"}],"wp:featuredmedia":[{"embeddable":true,"href":"https:\/\/vapogroup.eu\/index.php\/wp-json\/wp\/v2\/media\/72"}],"wp:attachment":[{"href":"https:\/\/vapogroup.eu\/index.php\/wp-json\/wp\/v2\/media?parent=825"}],"curies":[{"name":"wp","href":"https:\/\/api.w.org\/{rel}","templated":true}]}}