{"id":822,"date":"2025-01-25T09:01:22","date_gmt":"2025-01-25T09:01:22","guid":{"rendered":"http:\/\/vapo.gsln.ro\/?page_id=822"},"modified":"2025-11-17T17:00:07","modified_gmt":"2025-11-17T17:00:07","slug":"marfa","status":"publish","type":"page","link":"https:\/\/vapogroup.eu\/index.php\/ro\/servicii\/marfa\/","title":{"rendered":"Marf\u0103"},"content":{"rendered":"<div id=\"pl-822\"  class=\"panel-layout\" ><div id=\"pg-822-0\"  class=\"panel-grid panel-no-style\" ><div id=\"pgc-822-0-0\"  class=\"panel-grid-cell\" ><div id=\"panel-822-0-0-0\" class=\"so-panel widget widget_black-studio-tinymce widget_black_studio_tinymce panel-first-child panel-last-child\" data-index=\"0\" ><div class=\"textwidget\"><p><span style=\"font-weight: 400;\">Echipa noastr\u0103 de exper\u021bi \u00een transport este mereu disponibil\u0103 pentru a v\u0103 ajuta cu orice \u00eentrebare sau dac\u0103 dori\u021bi s\u0103 discuta\u021bi \u00een detaliu cerin\u021bele dumneavoastr\u0103 logistice. Vom analiza nevoile dumneavoastr\u0103 \u0219i v\u0103 vom oferi o ofert\u0103 care nu doar c\u0103 se \u00eencadreaz\u0103 \u00een buget, ci v\u0103 poate aduce \u0219i economii semnificative pe termen lung. \u0218i v\u0103 garant\u0103m acest lucru.<\/span><\/p>\n<p><span style=\"font-weight: 400;\">Procesele, serviciile, instrumentele \u0219i sistemele noastre logistice, combinate cu loca\u021biile strategice ale depozitelor, \u00eei ajut\u0103 pe clien\u021bi s\u0103-\u0219i \u00eendeplineasc\u0103 nevoile logistice de afaceri \u0219i s\u0103-\u0219i ating\u0103 obiectivele pe termen lung cu mai mult\u0103 precizie. \u00cen plus, exper\u021bii no\u0219tri \u00een managementul lan\u021bului de aprovizionare vor proiecta un proces logistic personalizat, perfect integrat \u00een activitatea companiei dumneavoastr\u0103.<\/span><\/p>\n<p><span style=\"font-weight: 400;\">Fie c\u0103 ave\u021bi nevoie de o livrare unic\u0103, fie c\u0103 sunte\u021bi \u00een c\u0103utarea unui serviciu profesionist de transport marf\u0103 pentru cerin\u021bele regulate, v\u0103 putem garanta cele mai bune servicii la cele mai avantajoase pre\u021buri. Consultan\u021bii no\u0219tri logistici sunt mereu disponibili pentru a r\u0103spunde oric\u0103rei \u00eentreb\u0103ri suplimentare legate de serviciile noastre de transport.<\/span><\/p>\n<\/div><\/div><\/div><div id=\"pgc-822-0-1\"  class=\"panel-grid-cell\" ><div id=\"panel-822-0-1-0\" class=\"so-panel widget widget_black-studio-tinymce widget_black_studio_tinymce panel-first-child panel-last-child\" data-index=\"1\" ><div class=\"textwidget\"><p><a href=\"https:\/\/xml-io.proteusthemes.com\/cargopress\/wp-content\/uploads\/sites\/24\/2015\/04\/34.jpg\"><img loading=\"lazy\" decoding=\"async\" class=\"alignnone size-full wp-image-64\" src=\"https:\/\/xml-io.proteusthemes.com\/cargopress\/wp-content\/uploads\/sites\/24\/2015\/04\/34.jpg\" alt=\"34\" width=\"848\" height=\"480\" \/><\/a><\/p>\n<p><a href=\"https:\/\/xml-io.proteusthemes.com\/cargopress\/wp-content\/uploads\/sites\/24\/2015\/04\/23.jpg\"><img loading=\"lazy\" decoding=\"async\" class=\"alignnone size-full wp-image-53\" src=\"https:\/\/xml-io.proteusthemes.com\/cargopress\/wp-content\/uploads\/sites\/24\/2015\/04\/23.jpg\" alt=\"23\" width=\"848\" height=\"480\" \/><\/a><\/p>\n<\/div><\/div><\/div><\/div><\/div>","protected":false},"excerpt":{"rendered":"<p>Echipa noastr\u0103 de exper\u021bi \u00een transport este mereu disponibil\u0103 pentru a v\u0103 ajuta cu orice \u00eentrebare sau dac\u0103 dori\u021bi s\u0103 discuta\u021bi \u00een detaliu cerin\u021bele dumneavoastr\u0103 logistice. Vom analiza nevoile dumneavoastr\u0103 \u0219i v\u0103 vom oferi o ofert\u0103 care nu doar c\u0103 se \u00eencadreaz\u0103 \u00een buget, ci v\u0103 poate aduce \u0219i economii semnificative pe termen lung. \u0218i &hellip;<\/p>\n","protected":false},"author":1,"featured_media":62,"parent":794,"menu_order":0,"comment_status":"closed","ping_status":"open","template":"","meta":{"_acf_changed":false,"footnotes":""},"class_list":["post-822","page","type-page","status-publish","has-post-thumbnail","hentry"],"acf":[],"_links":{"self":[{"href":"https:\/\/vapogroup.eu\/index.php\/wp-json\/wp\/v2\/pages\/822","targetHints":{"allow":["GET"]}}],"collection":[{"href":"https:\/\/vapogroup.eu\/index.php\/wp-json\/wp\/v2\/pages"}],"about":[{"href":"https:\/\/vapogroup.eu\/index.php\/wp-json\/wp\/v2\/types\/page"}],"author":[{"embeddable":true,"href":"https:\/\/vapogroup.eu\/index.php\/wp-json\/wp\/v2\/users\/1"}],"replies":[{"embeddable":true,"href":"https:\/\/vapogroup.eu\/index.php\/wp-json\/wp\/v2\/comments?post=822"}],"version-history":[{"count":4,"href":"https:\/\/vapogroup.eu\/index.php\/wp-json\/wp\/v2\/pages\/822\/revisions"}],"predecessor-version":[{"id":1097,"href":"https:\/\/vapogroup.eu\/index.php\/wp-json\/wp\/v2\/pages\/822\/revisions\/1097"}],"up":[{"embeddable":true,"href":"https:\/\/vapogroup.eu\/index.php\/wp-json\/wp\/v2\/pages\/794"}],"wp:featuredmedia":[{"embeddable":true,"href":"https:\/\/vapogroup.eu\/index.php\/wp-json\/wp\/v2\/media\/62"}],"wp:attachment":[{"href":"https:\/\/vapogroup.eu\/index.php\/wp-json\/wp\/v2\/media?parent=822"}],"curies":[{"name":"wp","href":"https:\/\/api.w.org\/{rel}","templated":true}]}}