{"id":820,"date":"2025-01-25T09:00:35","date_gmt":"2025-01-25T09:00:35","guid":{"rendered":"http:\/\/vapo.gsln.ro\/?page_id=820"},"modified":"2025-11-17T17:00:36","modified_gmt":"2025-11-17T17:00:36","slug":"ladung","status":"publish","type":"page","link":"https:\/\/vapogroup.eu\/index.php\/de\/angebote\/ladung\/","title":{"rendered":"Ladung"},"content":{"rendered":"<div id=\"pl-820\"  class=\"panel-layout\" ><div id=\"pg-820-0\"  class=\"panel-grid panel-no-style\" ><div id=\"pgc-820-0-0\"  class=\"panel-grid-cell\" ><div id=\"panel-820-0-0-0\" class=\"so-panel widget widget_black-studio-tinymce widget_black_studio_tinymce panel-first-child panel-last-child\" data-index=\"0\" ><div class=\"textwidget\"><p><span style=\"font-weight: 400;\">Unser Team von Fracht-Experten steht Ihnen jederzeit zur Verf\u00fcgung, um Ihre Fragen zu beantworten oder Ihre logistischen Anforderungen ausf\u00fchrlich mit Ihnen zu besprechen. Wir analysieren Ihre Bed\u00fcrfnisse und unterbreiten Ihnen ein Angebot, das nicht nur zu Ihrem Budget passt, sondern Ihnen auch langfristig erhebliche Einsparungen bringen kann. Das garantieren wir Ihnen.<\/span><\/p>\n<p><span style=\"font-weight: 400;\">Unsere Logistikprozesse, Dienstleistungen, Werkzeuge und Systeme \u2013 in Kombination mit strategisch gelegenen Lagerstandorten \u2013 helfen unseren Kunden dabei, ihre logistischen Gesch\u00e4ftsanforderungen zu erf\u00fcllen und ihre langfristigen Unternehmensziele mit h\u00f6herer Genauigkeit zu erreichen. Dar\u00fcber hinaus entwickeln unsere Experten im Bereich Supply Chain Management einen speziell auf Ihr Unternehmen abgestimmten Logistikprozess.<\/span><\/p>\n<p><span style=\"font-weight: 400;\">Egal, ob Sie eine einmalige Lieferung ben\u00f6tigen oder einen professionellen und gewerblichen Lkw-Service zur Auslagerung Ihrer laufenden Transporte suchen \u2013 wir garantieren Ihnen den besten Service zu den wirtschaftlichsten Konditionen. Unsere Logistikberater stehen Ihnen jederzeit zur Verf\u00fcgung, um alle weiteren Fragen zu unseren Transportdienstleistungen zu beantworten.<\/span><\/p>\n<\/div><\/div><\/div><div id=\"pgc-820-0-1\"  class=\"panel-grid-cell\" ><div id=\"panel-820-0-1-0\" class=\"so-panel widget widget_black-studio-tinymce widget_black_studio_tinymce panel-first-child panel-last-child\" data-index=\"1\" ><div class=\"textwidget\"><p><a href=\"https:\/\/xml-io.proteusthemes.com\/cargopress\/wp-content\/uploads\/sites\/24\/2015\/04\/34.jpg\"><img loading=\"lazy\" decoding=\"async\" class=\"alignnone size-full wp-image-64\" src=\"https:\/\/xml-io.proteusthemes.com\/cargopress\/wp-content\/uploads\/sites\/24\/2015\/04\/34.jpg\" alt=\"34\" width=\"848\" height=\"480\" \/><\/a><\/p>\n<p><a href=\"https:\/\/xml-io.proteusthemes.com\/cargopress\/wp-content\/uploads\/sites\/24\/2015\/04\/23.jpg\"><img loading=\"lazy\" decoding=\"async\" class=\"alignnone size-full wp-image-53\" src=\"https:\/\/xml-io.proteusthemes.com\/cargopress\/wp-content\/uploads\/sites\/24\/2015\/04\/23.jpg\" alt=\"23\" width=\"848\" height=\"480\" \/><\/a><\/p>\n<\/div><\/div><\/div><\/div><\/div>","protected":false},"excerpt":{"rendered":"<p>Unser Team von Fracht-Experten steht Ihnen jederzeit zur Verf\u00fcgung, um Ihre Fragen zu beantworten oder Ihre logistischen Anforderungen ausf\u00fchrlich mit Ihnen zu besprechen. Wir analysieren Ihre Bed\u00fcrfnisse und unterbreiten Ihnen ein Angebot, das nicht nur zu Ihrem Budget passt, sondern Ihnen auch langfristig erhebliche Einsparungen bringen kann. Das garantieren wir Ihnen. Unsere Logistikprozesse, Dienstleistungen, Werkzeuge &hellip;<\/p>\n","protected":false},"author":1,"featured_media":62,"parent":772,"menu_order":0,"comment_status":"closed","ping_status":"open","template":"","meta":{"_acf_changed":false,"footnotes":""},"class_list":["post-820","page","type-page","status-publish","has-post-thumbnail","hentry"],"acf":[],"_links":{"self":[{"href":"https:\/\/vapogroup.eu\/index.php\/wp-json\/wp\/v2\/pages\/820","targetHints":{"allow":["GET"]}}],"collection":[{"href":"https:\/\/vapogroup.eu\/index.php\/wp-json\/wp\/v2\/pages"}],"about":[{"href":"https:\/\/vapogroup.eu\/index.php\/wp-json\/wp\/v2\/types\/page"}],"author":[{"embeddable":true,"href":"https:\/\/vapogroup.eu\/index.php\/wp-json\/wp\/v2\/users\/1"}],"replies":[{"embeddable":true,"href":"https:\/\/vapogroup.eu\/index.php\/wp-json\/wp\/v2\/comments?post=820"}],"version-history":[{"count":2,"href":"https:\/\/vapogroup.eu\/index.php\/wp-json\/wp\/v2\/pages\/820\/revisions"}],"predecessor-version":[{"id":1098,"href":"https:\/\/vapogroup.eu\/index.php\/wp-json\/wp\/v2\/pages\/820\/revisions\/1098"}],"up":[{"embeddable":true,"href":"https:\/\/vapogroup.eu\/index.php\/wp-json\/wp\/v2\/pages\/772"}],"wp:featuredmedia":[{"embeddable":true,"href":"https:\/\/vapogroup.eu\/index.php\/wp-json\/wp\/v2\/media\/62"}],"wp:attachment":[{"href":"https:\/\/vapogroup.eu\/index.php\/wp-json\/wp\/v2\/media?parent=820"}],"curies":[{"name":"wp","href":"https:\/\/api.w.org\/{rel}","templated":true}]}}