{"id":782,"date":"2025-01-24T16:38:47","date_gmt":"2025-01-24T16:38:47","guid":{"rendered":"http:\/\/vapo.gsln.ro\/?page_id=782"},"modified":"2025-11-22T19:00:54","modified_gmt":"2025-11-22T19:00:54","slug":"logistik","status":"publish","type":"page","link":"https:\/\/vapogroup.eu\/index.php\/de\/angebote\/logistik\/","title":{"rendered":"Logistik"},"content":{"rendered":"<div id=\"pl-782\"  class=\"panel-layout\" ><div id=\"pg-782-0\"  class=\"panel-grid panel-no-style\" ><div id=\"pgc-782-0-0\"  class=\"panel-grid-cell\" ><div id=\"panel-782-0-0-0\" class=\"so-panel widget widget_black-studio-tinymce widget_black_studio_tinymce panel-first-child panel-last-child\" data-index=\"0\" ><div class=\"textwidget\"><p><span style=\"font-weight: 400;\">Wir bieten landesweit Logistikdienstleistungen an, sei es im Bereich G\u00fctertransport, Supply-Chain-L\u00f6sungen, Lagerung und Distribution, Kundenservice, Zollabwicklung, Sicherheit und Versicherung, temperaturgef\u00fchrte Logistik, branchenspezifische L\u00f6sungen, Vermittlungsdienste oder integrierte Logistikl\u00f6sungen.\u00a0\u00a0<\/span><\/p>\n<p><span style=\"font-weight: 400;\">Durch unsere langj\u00e4hrige Erfahrung in diesem Bereich hat unser Unternehmen ein weit verzweigtes Partnernetzwerk im ganzen Land aufgebaut und betreibt zudem eigene Logistikzentren. Dies erm\u00f6glicht es uns, unseren Kunden und Partnern sichere, zuverl\u00e4ssige, kosteneffiziente und ma\u00dfgeschneiderte Logistikl\u00f6sungen anzubieten.<\/span><\/p>\n<p><span style=\"font-weight: 400;\">Unsere Logistikteams bestehen aus Hunderten von Mitarbeitenden, die den gesamten Ablauf \u00fcbernehmen \u2013 von der Vorverladung der Waren bis zur finalen Zustellung \u2013 und dabei sowohl den Transport als auch die Lagerung und Distribution im Namen unserer Kunden managen.<\/span><\/p>\n<\/div><\/div><\/div><div id=\"pgc-782-0-1\"  class=\"panel-grid-cell\" ><div id=\"panel-782-0-1-0\" class=\"so-panel widget widget_black-studio-tinymce widget_black_studio_tinymce panel-first-child panel-last-child\" data-index=\"1\" ><div class=\"textwidget\"><p><a href=\"https:\/\/xml-io.proteusthemes.com\/cargopress\/wp-content\/uploads\/sites\/24\/2015\/04\/34.jpg\"><img loading=\"lazy\" decoding=\"async\" class=\"alignnone size-full wp-image-64\" src=\"https:\/\/xml-io.proteusthemes.com\/cargopress\/wp-content\/uploads\/sites\/24\/2015\/04\/34.jpg\" alt=\"34\" width=\"848\" height=\"480\" \/><\/a><\/p>\n<p><a href=\"https:\/\/xml-io.proteusthemes.com\/cargopress\/wp-content\/uploads\/sites\/24\/2015\/04\/30.jpg\"><img loading=\"lazy\" decoding=\"async\" class=\"alignnone size-full wp-image-60\" src=\"https:\/\/xml-io.proteusthemes.com\/cargopress\/wp-content\/uploads\/sites\/24\/2015\/04\/30.jpg\" alt=\"30\" width=\"848\" height=\"480\" \/><\/a><\/p>\n<\/div><\/div><\/div><\/div><\/div>","protected":false},"excerpt":{"rendered":"<p>Wir bieten landesweit Logistikdienstleistungen an, sei es im Bereich G\u00fctertransport, Supply-Chain-L\u00f6sungen, Lagerung und Distribution, Kundenservice, Zollabwicklung, Sicherheit und Versicherung, temperaturgef\u00fchrte Logistik, branchenspezifische L\u00f6sungen, Vermittlungsdienste oder integrierte Logistikl\u00f6sungen.\u00a0\u00a0 Durch unsere langj\u00e4hrige Erfahrung in diesem Bereich hat unser Unternehmen ein weit verzweigtes Partnernetzwerk im ganzen Land aufgebaut und betreibt zudem eigene Logistikzentren. Dies erm\u00f6glicht es uns, unseren &hellip;<\/p>\n","protected":false},"author":1,"featured_media":60,"parent":772,"menu_order":0,"comment_status":"closed","ping_status":"open","template":"","meta":{"_acf_changed":false,"footnotes":""},"class_list":["post-782","page","type-page","status-publish","has-post-thumbnail","hentry"],"acf":[],"_links":{"self":[{"href":"https:\/\/vapogroup.eu\/index.php\/wp-json\/wp\/v2\/pages\/782","targetHints":{"allow":["GET"]}}],"collection":[{"href":"https:\/\/vapogroup.eu\/index.php\/wp-json\/wp\/v2\/pages"}],"about":[{"href":"https:\/\/vapogroup.eu\/index.php\/wp-json\/wp\/v2\/types\/page"}],"author":[{"embeddable":true,"href":"https:\/\/vapogroup.eu\/index.php\/wp-json\/wp\/v2\/users\/1"}],"replies":[{"embeddable":true,"href":"https:\/\/vapogroup.eu\/index.php\/wp-json\/wp\/v2\/comments?post=782"}],"version-history":[{"count":3,"href":"https:\/\/vapogroup.eu\/index.php\/wp-json\/wp\/v2\/pages\/782\/revisions"}],"predecessor-version":[{"id":1094,"href":"https:\/\/vapogroup.eu\/index.php\/wp-json\/wp\/v2\/pages\/782\/revisions\/1094"}],"up":[{"embeddable":true,"href":"https:\/\/vapogroup.eu\/index.php\/wp-json\/wp\/v2\/pages\/772"}],"wp:featuredmedia":[{"embeddable":true,"href":"https:\/\/vapogroup.eu\/index.php\/wp-json\/wp\/v2\/media\/60"}],"wp:attachment":[{"href":"https:\/\/vapogroup.eu\/index.php\/wp-json\/wp\/v2\/media?parent=782"}],"curies":[{"name":"wp","href":"https:\/\/api.w.org\/{rel}","templated":true}]}}