{"id":779,"date":"2025-01-24T16:35:09","date_gmt":"2025-01-24T16:35:09","guid":{"rendered":"http:\/\/vapo.gsln.ro\/?page_id=779"},"modified":"2025-11-17T17:02:52","modified_gmt":"2025-11-17T17:02:52","slug":"bodentransport","status":"publish","type":"page","link":"https:\/\/vapogroup.eu\/index.php\/de\/angebote\/bodentransport\/","title":{"rendered":"Bodentransport"},"content":{"rendered":"<div id=\"pl-779\"  class=\"panel-layout\" ><div id=\"pg-779-0\"  class=\"panel-grid panel-no-style\" ><div id=\"pgc-779-0-0\"  class=\"panel-grid-cell\" ><div id=\"panel-779-0-0-0\" class=\"so-panel widget widget_black-studio-tinymce widget_black_studio_tinymce panel-first-child panel-last-child\" data-index=\"0\" ><div class=\"textwidget\"><p><span style=\"font-weight: 400;\">Unsere Boden- und Speditionsdienste sowie weitere erg\u00e4nzende Dienstleistungen erm\u00f6glichen es uns, ma\u00dfgeschneiderte Logistikl\u00f6sungen f\u00fcr unsere Kunden anzubieten. Diese L\u00f6sungen entwickeln wir individuell nach den Anforderungen und dem Gesch\u00e4ftsumfeld unserer Kunden, um Kosten und Lieferzeiten zu reduzieren und gleichzeitig die Zufriedenheit der Endnutzer in den Fokus zu stellen. Unser Ziel ist es, einen f\u00fcr beide Seiten vorteilhaften Logistikservice zu bieten \u2013 genau das hat uns zu einem der zuverl\u00e4ssigsten Logistikdienstleister des Landes gemacht.<\/span><\/p>\n<p><span style=\"font-weight: 400;\">Wir stellen sicher, dass unsere Lkw-Flotte stets gut gewartet und auf dem neuesten Stand ist, damit sie in der Lage ist, hochwertige und \u00fcbergro\u00dfe G\u00fcter effizient und zuverl\u00e4ssig zu transportieren \u2013 ohne Verluste.<\/span><\/p>\n<\/div><\/div><\/div><div id=\"pgc-779-0-1\"  class=\"panel-grid-cell\" ><div id=\"panel-779-0-1-0\" class=\"so-panel widget widget_black-studio-tinymce widget_black_studio_tinymce panel-first-child panel-last-child\" data-index=\"1\" ><div class=\"textwidget\"><p><a href=\"https:\/\/xml-io.proteusthemes.com\/cargopress\/wp-content\/uploads\/sites\/24\/2015\/04\/28.jpg\"><img loading=\"lazy\" decoding=\"async\" class=\"alignnone size-full wp-image-58\" src=\"https:\/\/xml-io.proteusthemes.com\/cargopress\/wp-content\/uploads\/sites\/24\/2015\/04\/28.jpg\" alt=\"28\" width=\"848\" height=\"480\" \/><\/a><\/p>\n<p><a href=\"https:\/\/xml-io.proteusthemes.com\/cargopress\/wp-content\/uploads\/sites\/24\/2015\/04\/32.jpg\"><img loading=\"lazy\" decoding=\"async\" class=\"alignnone size-full wp-image-62\" src=\"https:\/\/xml-io.proteusthemes.com\/cargopress\/wp-content\/uploads\/sites\/24\/2015\/04\/32.jpg\" alt=\"32\" width=\"848\" height=\"480\" \/><\/a><\/p>\n<\/div><\/div><\/div><\/div><\/div>","protected":false},"excerpt":{"rendered":"<p>Unsere Boden- und Speditionsdienste sowie weitere erg\u00e4nzende Dienstleistungen erm\u00f6glichen es uns, ma\u00dfgeschneiderte Logistikl\u00f6sungen f\u00fcr unsere Kunden anzubieten. Diese L\u00f6sungen entwickeln wir individuell nach den Anforderungen und dem Gesch\u00e4ftsumfeld unserer Kunden, um Kosten und Lieferzeiten zu reduzieren und gleichzeitig die Zufriedenheit der Endnutzer in den Fokus zu stellen. Unser Ziel ist es, einen f\u00fcr beide Seiten &hellip;<\/p>\n","protected":false},"author":1,"featured_media":47,"parent":772,"menu_order":0,"comment_status":"closed","ping_status":"open","template":"","meta":{"_acf_changed":false,"footnotes":""},"class_list":["post-779","page","type-page","status-publish","has-post-thumbnail","hentry"],"acf":[],"_links":{"self":[{"href":"https:\/\/vapogroup.eu\/index.php\/wp-json\/wp\/v2\/pages\/779","targetHints":{"allow":["GET"]}}],"collection":[{"href":"https:\/\/vapogroup.eu\/index.php\/wp-json\/wp\/v2\/pages"}],"about":[{"href":"https:\/\/vapogroup.eu\/index.php\/wp-json\/wp\/v2\/types\/page"}],"author":[{"embeddable":true,"href":"https:\/\/vapogroup.eu\/index.php\/wp-json\/wp\/v2\/users\/1"}],"replies":[{"embeddable":true,"href":"https:\/\/vapogroup.eu\/index.php\/wp-json\/wp\/v2\/comments?post=779"}],"version-history":[{"count":2,"href":"https:\/\/vapogroup.eu\/index.php\/wp-json\/wp\/v2\/pages\/779\/revisions"}],"predecessor-version":[{"id":1100,"href":"https:\/\/vapogroup.eu\/index.php\/wp-json\/wp\/v2\/pages\/779\/revisions\/1100"}],"up":[{"embeddable":true,"href":"https:\/\/vapogroup.eu\/index.php\/wp-json\/wp\/v2\/pages\/772"}],"wp:featuredmedia":[{"embeddable":true,"href":"https:\/\/vapogroup.eu\/index.php\/wp-json\/wp\/v2\/media\/47"}],"wp:attachment":[{"href":"https:\/\/vapogroup.eu\/index.php\/wp-json\/wp\/v2\/media?parent=779"}],"curies":[{"name":"wp","href":"https:\/\/api.w.org\/{rel}","templated":true}]}}